{"id":11,"date":"2010-02-02T02:18:38","date_gmt":"2010-02-02T02:18:38","guid":{"rendered":"http:\/\/siatoolkit.com\/francais\/?page_id=11"},"modified":"2010-05-05T23:29:57","modified_gmt":"2010-05-06T03:29:57","slug":"section-ii","status":"publish","type":"page","link":"http:\/\/siatoolkit.com\/francais\/section-ii\/","title":{"rendered":"Qu\u2019est-ce qu\u2019une v\u00e9rification"},"content":{"rendered":"<h2>Pourquoi une biblioth\u00e8que devrait-elle utiliser une v\u00e9rification de l\u2019inclusion sociale ?<\/h2>\n<p>Les v\u00e9rifications de l\u2019inclusion sociale sont des outils d\u2019\u00e9valuation utilis\u00e9s dans une vari\u00e9t\u00e9 de cadres, y compris les entreprises, les h\u00f4pitaux, les \u00e9coles et d\u2019autres organismes, comme moyen de formaliser, d\u2019informer et d\u2019orienter le processus d\u2019\u00e9limination des obstacles \u00e0 l\u2019inclusion de mani\u00e8re exhaustive et structur\u00e9e.<\/p>\n<p>L\u2019outil de v\u00e9rification lui-m\u00eame n\u2019est qu\u2019un moyen d\u2019arriver au but; il fournit une analyse du degr\u00e9 auquel les obstacles \u00e0 l\u2019inclusion ont \u00e9t\u00e9 \u00e9limin\u00e9s.<\/p>\n<p>Le Conseil des Biblioth\u00e8ques Urbaines du Canada (CBUC) \/ Canadian Urban Libraries Council (CULC) a \u00e9largi son engagement \u00e0 l\u2019inclusion sociale en d\u00e9veloppant cette trousse de v\u00e9rification de l\u2019inclusion sociale et en \u00e9laborant un manifeste d\u2019inclusion sociale et de diversit\u00e9 qui unit les biblioth\u00e8ques urbaines du Canada ensemble dans leurs efforts \u00e0 \u00e9liminer les obstacles \u00e0 l\u2019inclusion.<\/p>\n<div class=\"aside\">\n<h2>D\u00e9claration sur la diversit\u00e9 et l\u2019inclusion du CBUC\/CULC<\/h2>\n<p>Les biblioth\u00e8ques municipales urbaines du Canada reconnaissent qu\u2019une soci\u00e9t\u00e9 diverse et pluraliste est au centre de l\u2019identit\u00e9 de notre pays. Les institutions publiques, y compris les biblioth\u00e8ques municipales, ont la responsabilit\u00e9 de contribuer \u00e0 une culture qui reconna\u00eet et c\u00e9l\u00e8bre cette diversit\u00e9.<\/p>\n<p>Les biblioth\u00e8ques peuvent promouvoir une attitude d\u2019inclusion en s\u2019assurant que tous les r\u00e9sidants du Canada re\u00e7oivent un service en biblioth\u00e8que qui est respectueux. Les grandes biblioth\u00e8ques municipales urbaines du Canada reconnaissent et affirmeront \u00e9nergiquement la dignit\u00e9 des personnes qu\u2019elles servent, ind\u00e9pendamment de leurs capacit\u00e9s ou de leur richesse personnelle. Tous les r\u00e9sidants canadiens devraient \u00eatre en mesure de chercher de l\u2019information et de s\u2019engager dans la d\u00e9couverte personnelle, libres de toute tentative par autrui d\u2019imposer ses valeurs, coutumes ou croyances.<\/p><\/div>\n<h2>\u00c9l\u00e9ments critiques de la v\u00e9rification de l\u2019inclusion sociale<\/h2>\n<p>Le CBUC\/CULC a men\u00e9 des recherches intensives en 2008 pour d\u00e9velopper un outil et une trousse de v\u00e9rification de l\u2019inclusion sociale en suivant les m\u00e9thodes suivantes :<\/p>\n<ul>\n<li>Passer en revue le mat\u00e9riel actuel pour recueillir l\u2019information sur l\u2019inclusion sociale, les v\u00e9rifications de l\u2019inclusion sociale, et l\u2019inclusion sociale dans le contexte tant organisationnel que de la biblioth\u00e8que, et ex\u00e9cuter une analyse critique \u00e0 ce sujet.<\/li>\n<li>Solliciter de l\u2019information et des r\u00e9actions de quatre biblioth\u00e8ques pilotes au moyen de recherches communautaires et de m\u00e9thodes participatives.<\/li>\n<li>\u00c9valuer les cadres utilis\u00e9s dans le d\u00e9veloppement d\u2019autres v\u00e9rifications d\u2019inclusion sociale et \u00e9valuations des comp\u00e9tences culturelles \u00e0 l\u2019\u00e9chelle mondiale.<\/li>\n<li>Interviewer les auteurs d\u2019autres v\u00e9rifications d\u2019inclusion sociale pour \u00e9valuer les m\u00e9thodes utilis\u00e9es dans le d\u00e9veloppement de leurs outils.<\/li>\n<li>\u00c9valuer l\u2019information acquise par les utilisateurs des outils de v\u00e9rification et d\u2019\u00e9valuation actuels pour \u00e9valuer l\u2019efficacit\u00e9 et l\u2019utilisation de ces outils.<\/li>\n<li>D\u00e9velopper et\/ou utiliser une d\u00e9finition de l\u2019inclusion sociale qui refl\u00e8te le contexte et la r\u00e9alit\u00e9 de la biblioth\u00e8que en tant qu\u2019organisme et centre communautaire.<\/li>\n<\/ul>\n<p>Apr\u00e8s analyse minutieuse de l\u2019information re\u00e7ue \u00e0 l\u2019aide des m\u00e9thodes de recherche d\u00e9crites ci-dessus, il a \u00e9t\u00e9 d\u00e9cid\u00e9 que l\u2019outil de v\u00e9rification de l\u2019inclusion sociale du CBUC\/CULC devrait :<\/p>\n<ol>\n<li><strong>\u00catre inclusif<\/strong> &#8211; Utiliser des m\u00e9thodes communautaires participatives qui engagent la communaut\u00e9 de mani\u00e8res appropri\u00e9es et significatives dans l\u2019\u00e9laboration, la mise en \u0153uvre et l\u2019\u00e9valuation de l\u2019outil de v\u00e9rification de l\u2019inclusion sociale. Nous avons \u00e9t\u00e9 surpris par le nombre d\u2019auteurs des v\u00e9rifications d\u2019inclusion qui n\u2019ont pas utilis\u00e9 des m\u00e9thodes de recherche inclusives, participatives et communautaires dans l\u2019\u00e9laboration de leurs outils !<\/li>\n<li><strong>\u00catre bref<\/strong> &#8211; Utiliser moins de questions \u00e0 macro-r\u00e9ponse dans l\u2019outil de v\u00e9rification pour pr\u00e9venir l\u2019usure de la v\u00e9rification. Parmi les outils que nous avons \u00e9valu\u00e9s, nombreux \u00e9taient extr\u00eamement longs, et l\u2019utilisation de l\u2019outil par les organismes communautaires a \u00e9t\u00e9 limit\u00e9e en cons\u00e9quence.<\/li>\n<li><strong>\u00catre engageant<\/strong> &#8211; Fournir un point d\u2019entr\u00e9e facile aux biblioth\u00e8ques qui ne sont pas famili\u00e8res avec le travail d\u2019inclusion sociale tout en encourageant les biblioth\u00e8ques qui excellent dans ce domaine \u00e0 raffiner leur travail davantage. L\u2019outil de v\u00e9rification doit engager des biblioth\u00e8ques dont les comp\u00e9tences, l\u2019exp\u00e9rience et l\u2019exposition \u00e0 l\u2019inclusion sociale sont diff\u00e9rentes.<\/li>\n<li><strong>\u00catre intelligent<\/strong> &#8211; Se concentrer sur ce qui est important. Nous avons d\u00e9termin\u00e9 que les concepts de \u00ab r\u00e9ceptivit\u00e9 \u00bb, \u00ab intentionnalit\u00e9 \u00bb et \u00ab inclusion \u00bb sont les indicateurs cl\u00e9s dans l\u2019\u00e9laboration, la mise en \u0153uvre et l\u2019\u00e9valuation de travail d\u2019inclusion sociale.\n<p>Particuli\u00e8rement, le degr\u00e9 auquel un organisme d\u00e9montre son engagement soutenu \u00e0 \u00e9liminer les obstacles \u00e0 l\u2019inclusion sociale \u00e0 chaque niveau est d\u2019une importance extr\u00eame au succ\u00e8s de l\u2019\u00e9limination de ces obstacles.<\/p>\n<p>\u00c9tant donn\u00e9 qu\u2019il \u00e9tait consid\u00e9r\u00e9 comme une partie int\u00e9grante de l\u2019\u00e9limination efficace des obstacles \u00e0 l\u2019inclusion, l\u2019outil de v\u00e9rification souligne et \u00e9value cet engagement &#8211; ou le niveau d\u2019intentionnalit\u00e9 de diff\u00e9rentes fa\u00e7ons :<\/p>\n<ul>\n<li>s\u2019assurer que l\u2019outil refl\u00e8te l\u2019\u00e9tat actuel de la mise en \u0153uvre des mesures d\u2019\u00e9limination des obstacles \u00e0 l\u2019inclusion par la biblioth\u00e8que &#8211; et s\u2019assurer que l\u2019outil refl\u00e8te le progr\u00e8s comme marqueur qui souligne l\u2019intentionnalit\u00e9, ainsi que la r\u00e9ceptivit\u00e9 et l\u2019inclusion<\/li>\n<li>fournir une trousse qui soutient l\u2019engagement \u00e0 l\u2019inclusion sociale, ainsi que l\u2019\u00e9laboration, la mise en \u0153uvre et l\u2019\u00e9valuation d\u2019un large \u00e9ventail d\u2019infrastructures strat\u00e9giques et op\u00e9rationnelles \u00e0 l\u2019appui de l\u2019inclusion.<\/li>\n<\/ul>\n<\/li>\n<li><strong>\u00catre r\u00e9aliste<\/strong> &#8211; Fournir un contexte aux r\u00e9sultats de la v\u00e9rification en donnant \u00e0 chaque biblioth\u00e8que la capacit\u00e9 de comparer son rendement sur plusieurs ann\u00e9es cons\u00e9cutives et de comparer son rendement avec celui d\u2019autres biblioth\u00e8ques faisant partie du CBUC\/CULC.<\/li>\n<li><strong>\u00catre opportun<\/strong> &#8211; Ex\u00e9cuter la v\u00e9rification annuellement et comparer les r\u00e9sultats avec ceux d\u2019autres biblioth\u00e8ques et ceux des v\u00e9rifications pr\u00e9c\u00e9dentes de la biblioth\u00e8que en question.<\/li>\n<\/ol>\n<h2>Introduction \u00e0 la v\u00e9rification de l\u2019inclusion sociale du CBUC\/CULC<\/h2>\n<p>Ce qui suit repr\u00e9sente la d\u00e9finition d\u2019inclusion sociale utilis\u00e9e dans cette trousse. Cette d\u00e9finition a form\u00e9 la base d\u2019\u00e9laboration des trois indicateurs d\u2019inclusion et des \u00e9nonc\u00e9s qui sont utilis\u00e9s dans la v\u00e9rification de l\u2019inclusion sociale. L\u2019outil de v\u00e9rification de l\u2019inclusion sociale du CBUC\/CULC se trouve dans l\u2019Annexe.<\/p>\n<h3>Qu\u2019est-ce que l\u2019inclusion sociale ?<\/h3>\n<p>L\u2019inclusion sociale est la mani\u00e8re participative, authentique et responsable en vertu de laquelle les institutions soutiennent et renforcent les principes d\u2019acc\u00e8s, d\u2019\u00e9quit\u00e9 et, ainsi, d\u2019inclusion sociale pour tous.<\/p>\n<p>En particulier, l\u2019inclusion sociale est la mani\u00e8re en vertu de laquelle les institutions :<\/p>\n<ul>\n<li>sont ouvertes \u00e0 comprendre et \u00e0 s\u2019engager dans leurs communaut\u00e9s;<\/li>\n<li>explorent, envisagent et d\u00e9fient les obstacles, valeurs et comportements;<\/li>\n<li>d\u00e9veloppent, mettent en \u0153uvre et \u00e9valuent les syst\u00e8mes, programmes, politiques et proc\u00e9dures;<\/li>\n<li>fournissent un acc\u00e8s \u00e9quitable aux services et aux occasions de processus d\u00e9cisionnel;<\/li>\n<li>d\u00e9montrent le niveau d\u2019inclusion par des r\u00e9sultats concrets.<\/ul>\n<h3>Quels sont les indicateurs d\u2019inclusion sociale ?<\/h3>\n<p>Nos recherches sur l\u2019inclusion sociale ont r\u00e9v\u00e9l\u00e9 que l\u2019inclusion peut \u00eatre mieux mesur\u00e9e quand un organisme \u00e9value le degr\u00e9 auquel il est ouvert \u00e0 s\u2019engager dans la communaut\u00e9 d\u2019une mani\u00e8re significative et a l\u2019intention d\u2019\u00e9liminer les obstacles \u00e0 l\u2019inclusion.<\/p>\n<p>\u00c0 ce titre, la v\u00e9rification de l\u2019inclusion sociale du CBUC\/CULC comprend des indicateurs qui \u00e9valuent la r\u00e9ceptivit\u00e9, l\u2019intentionnalit\u00e9 et l\u2019inclusion.<\/p>\n<ol>\n<li><strong>L\u2019indicateur de r\u00e9ceptivit\u00e9 &#8211; \u00c0 quel point la biblioth\u00e8que conna\u00eet la communaut\u00e9<\/strong><br \/>\nIl est possible d\u2019\u00e9valuer le degr\u00e9 auquel un organisme est \u00ab r\u00e9ceptif \u00bb en comprenant \u00e0 quel point la biblioth\u00e8que conna\u00eet sa communaut\u00e9.  Une biblioth\u00e8que est ouverte quand elle comprend sa communaut\u00e9 aussi bien que les besoins de sa communaut\u00e9.<br \/>\n&ndash; <em>Les questions 1 et 2 de la v\u00e9rification de l\u2019inclusion sociale se rapportent \u00e0 cet indicateur.<\/em><\/li>\n<li><strong>L\u2019indicateur d\u2019intentionnalit\u00e9 &#8211; \u00c0 quel point la biblioth\u00e8que renforce les principes d\u2019inclusion sociale<\/strong><br \/>\nLe degr\u00e9 auquel un organisme est intentionnel relativement \u00e0 l\u2019\u00e9limination des obstacles \u00e0 l\u2019inclusion d\u00e9pend aussi de la fa\u00e7on dont la biblioth\u00e8que renforce les principes d\u2019inclusion sociale \u00e0 court et \u00e0 long terme. L\u2019\u00e9limination des obstacles \u00e0 l\u2019inclusion est un processus \u00e0 long terme qui n\u00e9cessite un engagement et une attention soutenue.<br \/>\n&ndash; <em>Les questions de 3 \u00e0 9 de la v\u00e9rification de l\u2019inclusion sociale se rapportent \u00e0 cet indicateur.<\/em><\/li>\n<li><strong>L\u2019indicateur d\u2019inclusion &#8211; \u00c0 quel point la biblioth\u00e8que est la communaut\u00e9<\/strong><br \/>\nLe degr\u00e9 auquel la biblioth\u00e8que est r\u00e9ceptive et intentionnelle concernant le travail d\u2019inclusion sociale d\u00e9terminera le degr\u00e9 auquel elle r\u00e9ussira \u00e0 \u00e9liminer les obstacles \u00e0 l\u2019inclusion. Une biblioth\u00e8que est inclusive quand elle collabore avec la communaut\u00e9 et quand la communaut\u00e9 se refl\u00e8te dans les strat\u00e9gies, op\u00e9rations, ressources humaines, programmes et collections de la biblioth\u00e8que.<br \/>\n&ndash; <em>Les questions de 10 \u00e0 12 de la v\u00e9rification de l\u2019inclusion sociale se rapportent \u00e0 cet indicateur.<\/em><\/li>\n<\/ol>\n<p>Pour simplifier le processus, les 12 \u00e9nonc\u00e9s \u2013 ou \u00ab questions \u00bb de v\u00e9rification &#8211; sont tous brefs, clairement formul\u00e9s, facilement \u00e9valu\u00e9s, flexibles pour que les biblioth\u00e8ques puissent adapter les r\u00e9sultats \u00e0 des groupes sp\u00e9cifiques, vont au fond des choses pour permettre des variations et incluent des \u00e9valuations du progr\u00e8s et de l\u2019\u00e9tat.<\/p>\n<h3>Qui devrait utiliser l\u2019outil de v\u00e9rification de l\u2019inclusion sociale ?<\/h3>\n<p>Les membres du comit\u00e9 de travail sur l\u2019inclusion sociale de la biblioth\u00e8que devraient probablement remplir le questionnaire ou fournir de l\u2019aide \u00e0 un petit groupe d\u2019employ\u00e9s de la biblioth\u00e8que. Le comit\u00e9 consultatif sur la communaut\u00e9 ne devrait pas remplir le questionnaire. Veuillez partager les r\u00e9sultats de l\u2019outil de v\u00e9rification avec le comit\u00e9 consultatif sur les communaut\u00e9s pour recevoir leurs commentaires et r\u00e9actions sur les notes obtenues. Cela vous aidera \u00e0 en apprendre davantage sur le progr\u00e8s de la biblioth\u00e8que dans l\u2019\u00e9limination des obstacles \u00e0 l\u2019inclusion.<\/p>\n<h3>Quels sont les avantages d\u2019utiliser cet outil ?<\/h3>\n<p>L\u2019outil de v\u00e9rification de l\u2019inclusion sociale peut servir \u00e0 suivre l\u2019\u00e9tat d\u2019un organisme et le progr\u00e8s de ses travaux d\u2019inclusion. La Section III devrait \u00eatre utilis\u00e9e en combinaison avec la mise en \u0153uvre de l\u2019outil de v\u00e9rification pour rehausser la sensibilisation sur les fa\u00e7ons dont un organisme peut \u0153uvrer \u00e0 \u00e9liminer les obstacles \u00e0 l\u2019inclusion.<\/p>\n<div class=\"aside\">\n<h2>Conseil : points cl\u00e9s \u00e0 se rappeler<\/h2>\n<ul>\n<li>Il faut r\u00e9fl\u00e9chir m\u00fbrement \u00e0 la meilleure personne ou au meilleur groupe de personnes \u00e0 remplir le questionnaire de v\u00e9rification de l\u2019inclusion sociale du CBUC\/CULC.<\/li>\n<li>Soyez aussi honn\u00eate et pr\u00e9cis que possible en donnant des notes aux \u00e9nonc\u00e9s &#8211; de cette fa\u00e7on, vous vous assurez que la biblioth\u00e8que tire la meilleure valeur possible de l\u2019outil.<\/li>\n<li>Faites un suivi &ndash; l\u2019utilisation de l\u2019outil de v\u00e9rification de l\u2019inclusion sociale devrait devenir une partie du processus d\u2019\u00e9valuation de la biblioth\u00e8que.<\/li>\n<\/div>\n<h2>Le cadre<\/h2>\n<p>La v\u00e9rification de l\u2019inclusion sociale du CBUC\/CULC :<\/p>\n<ul>\n<li>Comprend 12 questions pr\u00e9sent\u00e9es sous forme d\u2019\u00e9nonc\u00e9s<\/li>\n<li>Fournit un bar\u00e8me de notation de 0 \u00e0 4 selon le nombre d\u2019\u00e9l\u00e9ments r\u00e9alis\u00e9s dans chaque \u00e9nonc\u00e9<\/li>\n<li>N\u00e9cessite que chaque question soit not\u00e9e deux fois :\n<ol>\n<li>Une fois pour \u00e9valuer l\u2019\u00e9tat actuel \u00e0 atteindre le r\u00e9sultat en question<\/li>\n<li>Une deuxi\u00e8me fois pour \u00e9valuer les progr\u00e8s r\u00e9alis\u00e9s \u00e0 atteindre le r\u00e9sultat sur une p\u00e9riode de temps<\/li>\n<\/ol>\n<\/li>\n<\/ul>\n<p>Vous trouverez ci-dessous une description annot\u00e9e de la structure de la question.<\/p>\n<p><img loading=\"lazy\" src=\"http:\/\/siatoolkit.com\/francais\/wp-content\/uploads\/2010\/02\/indicateurs.jpg\" alt=\"\" title=\"indicateurs\" width=\"574\" height=\"273\" class=\"aligncenter size-full wp-image-165\" srcset=\"http:\/\/siatoolkit.com\/francais\/wp-content\/uploads\/2010\/02\/indicateurs.jpg 574w, http:\/\/siatoolkit.com\/francais\/wp-content\/uploads\/2010\/02\/indicateurs-300x142.jpg 300w\" sizes=\"(max-width: 574px) 100vw, 574px\" \/><\/p>\n<h2>Le bar\u00e8me<\/h2>\n<p>Comme susmentionn\u00e9, tant l\u2019\u00e9tat que le progr\u00e8s sont not\u00e9s selon un bar\u00e8me de 0 \u00e0 4. La description de chaque note est d\u00e9crite \u00e0 la page suivante.<\/p>\n<h3>Bar\u00e8me de notation de l\u2019\u00e9tat par question<\/h3>\n<ul>\n<li>0. Pas en place \/ pas entam\u00e9 \/ l\u2019organisme ne satisfait pas aux exigences<\/li>\n<li>1. L\u2019organisme satisfait aux exigences minimales<\/li>\n<li>2. L\u2019organisme satisfait partiellement aux exigences<\/li>\n<li>3. L\u2019organisme satisfait consid\u00e9rablement aux exigences<\/li>\n<li>4. L\u2019organisme satisfait \u00e0 toutes les exigences ou \u00e0 la plupart d\u2019entre elles<\/li>\n<\/ul>\n<h3>Bar\u00e8me de notation du progr\u00e8s par question<\/h3>\n<p>\u00c9valuer le progr\u00e8s au fil du temps en utilisant un bar\u00e8me de notation de 0 \u00e0 4 par question<\/p>\n<ul>\n<li>0. Pas en place \/ pas entam\u00e9 \/ absent \/ arr\u00eat\u00e9<\/li>\n<li>1. D\u00e9t\u00e9rioration<\/li>\n<li>2. Am\u00e9lioration<\/li>\n<li>3. Rendement stable<\/li>\n<li>4. Gains exceptionnels<\/li>\n<\/ul>\n<h2>Les notes<\/h2>\n<p>Comme chacune des 12 questions est not\u00e9e tant pour l\u2019\u00e9tat que le progr\u00e8s, le \u00ab v\u00e9rificateur \u00bb comptera la note totale tant pour l\u2019\u00e9tat que le progr\u00e8s.<\/p>\n<h3>Bar\u00e8me de notation globale de l\u2019\u00e9tat<\/h3>\n<p>La note sommaire relative \u00e0 l\u2019\u00e9tat refl\u00e8te la capacit\u00e9 de la biblioth\u00e8que \u00e0 remplir les exigences stipul\u00e9es dans les 12 r\u00e9sultats d\u2019inclusion sociale.<\/p>\n<table class=\"auditbasic\">\n<tr>\n<th>Note globale sur l\u2019\u00e9tat<\/th>\n<th>R\u00e9sultat<\/th>\n<\/tr>\n<tr>\n<td>0<\/td>\n<td>Pas en place &#8211; pas entam\u00e9 &#8211; ne satisfait pas aux exigences<\/td>\n<tr>\n<td>&lt;12<\/td>\n<td>Satisfait aux exigences minimales<\/td>\n<\/tr>\n<tr>\n<td>de 13 \u00e0 24<\/td>\n<td>Satisfait partiellement aux exigences<\/td>\n<\/tr>\n<tr>\n<td>de 25 \u00e0 36<\/td>\n<td>Satisfait consid\u00e9rablement aux exigences<\/td>\n<\/tr>\n<tr>\n<td>de 37 \u00e0 48<\/td>\n<td>Satisfait \u00e0 toutes les exigences ou \u00e0 la plupart d\u2019entre elles<\/td>\n<\/tr>\n<\/table>\n<h3>Bar\u00e8me de notation globale du progr\u00e8s<\/h3>\n<p>La note sommaire du progr\u00e8s d\u00e9montre la direction de l\u2019avancement des travaux visant \u00e0 \u00e9liminer les obstacles \u00e0 l\u2019inclusion selon les 12 r\u00e9sultats d\u2019inclusion sociale d\u00e9crits dans la v\u00e9rification de l\u2019inclusion sociale.<\/p>\n<table class=\"auditbasic\">\n<tr>\n<th>Note globale sur le progr\u00e8s<\/th>\n<th>R\u00e9sultat<\/th>\n<\/tr>\n<tr>\n<td>0<\/td>\n<td>Pas en place &ndash; pas entam\u00e9 &ndash; ne satisfait pas aux exigences<\/td>\n<\/tr>\n<tr>\n<td>&lt;12<\/td>\n<td>D\u00e9t\u00e9rioration<\/td>\n<\/tr>\n<tr>\n<td>de 13 \u00e0 24<\/td>\n<td>Am\u00e9lioration<\/td>\n<\/tr>\n<tr>\n<td>de 25 \u00e0 36<\/td>\n<td>Rendement stable<\/td>\n<\/tr>\n<tr>\n<td>de 37 \u00e0 48<\/td>\n<td>Gains exceptionnels<\/td>\n<\/tr>\n<\/table>\n<h3>La note sommaire finale \u2013 Notes sur l\u2019\u00e9tat et le progr\u00e8s de l\u2019inclusion sociale<\/h3>\n<p>Comme susmentionn\u00e9, il y a trois indicateurs cl\u00e9s de l\u2019inclusion sociale &ndash; la r\u00e9ceptivit\u00e9, l\u2019intentionnalit\u00e9 et l\u2019inclusion.<\/p>\n<p>Les 12 questions renferment deux questions qui v\u00e9rifient la \u00ab r\u00e9ceptivit\u00e9 \u00bb, sept qui v\u00e9rifient \u00ab l\u2019intentionnalit\u00e9 \u00bb et trois qui v\u00e9rifient \u00ab l\u2019inclusion \u00bb.<\/p>\n<p>Les notes sur les \u00e9nonc\u00e9s sous chaque indicateur sont totalis\u00e9es de fa\u00e7on qu\u2019il y ait une note pour chaque indicateur d\u2019inclusion et une note totale.<\/p>\n<table class=\"auditbasic\">\n<tr>\n<th>Indicateur<\/th>\n<th>Nombre de questions dans l\u2019outil de v\u00e9rification<\/th>\n<th>Note totale<\/th>\n<\/tr>\n<tr>\n<td>R\u00e9ceptivit\u00e9<\/td>\n<td>2<\/td>\n<td>\/16<\/td>\n<\/tr>\n<tr>\n<td>Intentionnalit\u00e9<\/td>\n<td>7<\/td>\n<td>\/56<\/td>\n<\/tr>\n<tr>\n<td>Inclusion<\/td>\n<td>3<\/td>\n<td>\/24<\/td>\n<\/tr>\n<tr>\n<td>TOTAL<\/td>\n<td>12<\/td>\n<td>\/96<\/td>\n<\/tr>\n<\/table>\n<h2>L\u2019interpr\u00e9tation<\/h2>\n<h3>Note totale &ndash; Interpr\u00e9tation<\/h3>\n<p>La note totale sera entre 0 et 96. La table suivante est un guide \u00e0 ce que la biblioth\u00e8que doit faire ensuite selon l\u2019\u00e9tat et le progr\u00e8s d\u2019inclusion sociale.<\/p>\n<table class=\"auditbasic\">\n<tr>\n<th>\nNotes sur l\u2019\u00e9tat et le progr\u00e8s<\/th>\n<th>Interpr\u00e9tation et recommandations<\/th>\n<\/tr>\n<tr>\n<td>de 0 \u00e0 26<\/td>\n<td>\u00catre r\u00e9ceptif au changement<\/td>\n<\/tr>\n<tr>\n<td>de 27 \u00e0 48<\/td>\n<td>Devenir intentionnel<\/td>\n<\/tr>\n<tr>\n<td>de 49 \u00e0 70<\/td>\n<td>Raffiner son travail<\/td>\n<\/tr>\n<tr>\n<td>de 71 \u00e0 96<\/td>\n<td>Encadrer les autres et innover<\/td>\n<\/tr>\n<\/table>\n<h3>\u00c9valuation des notes combin\u00e9es<\/h3>\n<p>Pour obtenir une interpr\u00e9tation plus d\u00e9taill\u00e9e de la note obtenue par la biblioth\u00e8que, les notes relatives \u00e0 l\u2019\u00e9tat et au progr\u00e8s peuvent \u00eatre s\u00e9par\u00e9es et trac\u00e9es sur le diagramme ci-dessous. Ce diagramme est model\u00e9 selon la matrice AFOM (atouts, faiblesses, occasions, menaces).<\/p>\n<p><img loading=\"lazy\" src=\"http:\/\/siatoolkit.com\/francais\/wp-content\/uploads\/2010\/02\/progres.jpg\" alt=\"\" title=\"progres\" width=\"403\" height=\"333\" class=\"aligncenter size-full wp-image-164\" srcset=\"http:\/\/siatoolkit.com\/francais\/wp-content\/uploads\/2010\/02\/progres.jpg 403w, http:\/\/siatoolkit.com\/francais\/wp-content\/uploads\/2010\/02\/progres-300x247.jpg 300w\" sizes=\"(max-width: 403px) 100vw, 403px\" \/><\/p>\n<h3>Interpr\u00e9tation d\u2019un \u00e9chantillon de la note totale<\/h3>\n<p>L\u2019exemple suivant montre comment vous traceriez les r\u00e9sultats si la note totale pour l\u2019\u00e9tat \u00e9tait de 10 et la note totale pour le progr\u00e8s \u00e9tait de 34. Cette combinaison de notes refl\u00e8te \u00ab \u00c9tat bas \u00bb et \u00ab Progr\u00e8s \u00e9lev\u00e9 \u00bb.<\/p>\n<p><img loading=\"lazy\" src=\"http:\/\/siatoolkit.com\/francais\/wp-content\/uploads\/2010\/02\/exemple.jpg\" alt=\"\" title=\"exemple\" width=\"408\" height=\"333\" class=\"aligncenter size-full wp-image-163\" srcset=\"http:\/\/siatoolkit.com\/francais\/wp-content\/uploads\/2010\/02\/exemple.jpg 408w, http:\/\/siatoolkit.com\/francais\/wp-content\/uploads\/2010\/02\/exemple-300x244.jpg 300w\" sizes=\"(max-width: 408px) 100vw, 408px\" \/><\/p>\n<p>Dans ce sc\u00e9nario, il est recommand\u00e9 que la biblioth\u00e8que raffine le plan d\u2019inclusion sociale, \u00e9tant donn\u00e9 que ses intentions sont fortes, mais l\u2019\u00e9lan n\u00e9cessaire pour mettre un changement r\u00e9el en \u0153uvre manque.<\/p>\n","protected":false},"excerpt":{"rendered":"<p>Pourquoi une biblioth\u00e8que devrait-elle utiliser une v\u00e9rification de l\u2019inclusion sociale ? Les v\u00e9rifications de l\u2019inclusion sociale sont des outils d\u2019\u00e9valuation utilis\u00e9s dans une vari\u00e9t\u00e9 de cadres, y compris les entreprises, les h\u00f4pitaux, les \u00e9coles et d\u2019autres organismes, comme moyen de formaliser, d\u2019informer et d\u2019orienter le processus d\u2019\u00e9limination des obstacles \u00e0 l\u2019inclusion de mani\u00e8re exhaustive et [&hellip;]<\/p>\n","protected":false},"author":1,"featured_media":0,"parent":0,"menu_order":0,"comment_status":"closed","ping_status":"closed","template":"","meta":[],"_links":{"self":[{"href":"http:\/\/siatoolkit.com\/francais\/wp-json\/wp\/v2\/pages\/11"}],"collection":[{"href":"http:\/\/siatoolkit.com\/francais\/wp-json\/wp\/v2\/pages"}],"about":[{"href":"http:\/\/siatoolkit.com\/francais\/wp-json\/wp\/v2\/types\/page"}],"author":[{"embeddable":true,"href":"http:\/\/siatoolkit.com\/francais\/wp-json\/wp\/v2\/users\/1"}],"replies":[{"embeddable":true,"href":"http:\/\/siatoolkit.com\/francais\/wp-json\/wp\/v2\/comments?post=11"}],"version-history":[{"count":16,"href":"http:\/\/siatoolkit.com\/francais\/wp-json\/wp\/v2\/pages\/11\/revisions"}],"predecessor-version":[{"id":14,"href":"http:\/\/siatoolkit.com\/francais\/wp-json\/wp\/v2\/pages\/11\/revisions\/14"}],"wp:attachment":[{"href":"http:\/\/siatoolkit.com\/francais\/wp-json\/wp\/v2\/media?parent=11"}],"curies":[{"name":"wp","href":"https:\/\/api.w.org\/{rel}","templated":true}]}}